{"id":17251,"date":"2023-06-09T18:47:34","date_gmt":"2023-06-09T18:47:34","guid":{"rendered":"https:\/\/d2technologie.com\/?page_id=17251\/"},"modified":"2023-06-09T18:54:55","modified_gmt":"2023-06-09T18:54:55","slug":"privacy-policy","status":"publish","type":"page","link":"https:\/\/d2technologie.com\/en\/privacy-policy\/","title":{"rendered":"Privacy Policy"},"content":{"rendered":"<p>[vc_row css_animation=&#8221;&#8221; row_type=&#8221;row&#8221; use_row_as_full_screen_section=&#8221;no&#8221; type=&#8221;grid&#8221; angled_section=&#8221;no&#8221; text_align=&#8221;left&#8221; background_image_as_pattern=&#8221;without_pattern&#8221;][vc_column][vc_empty_space][vc_text_separator title=&#8221;Purpose of the Privacy Policy&#8221; title_align=&#8221;separator_align_left&#8221; border=&#8221;no&#8221;][vc_empty_space][vc_column_text]<span style=\"font-weight: 400;\">The purpose of this Privacy Policy is to inform users of the D2 Technology website about the personal data that is collected, how it is used, who has access to it, as well as the rights of the users of the site and the cookie policy. This Privacy Policy works in conjunction with the site&#8217;s Terms and Conditions of Use.<\/span><\/p>\n<p><span style=\"font-weight: 400;\"><br \/>\n<\/span>At D2 Technology, we attach great importance to the protection of your personal data. We have established an IT department dedicated to the security of the information collected on our website. We take all reasonable precautions to secure the data stored in our system, and we only make it accessible to our employees, who are bound by strict confidentiality agreements. Any violation of this agreement would result in the dismissal of the employee. However, despite our efforts to protect your personal data, there is always a risk of harm.<\/p>\n<div id=\"simple-translate\" class=\"simple-translate-system-theme\">\n<div>\n<div class=\"simple-translate-button isShow\" style=\"background-image: url('chrome-extension:\/\/ibplnjkanclpjokhdolnendpplpjiace\/icons\/512.png'); height: 22px; width: 22px; top: 339px; left: 627px;\"><\/div>\n<div class=\"simple-translate-panel \" style=\"width: 300px; height: 200px; top: 0px; left: 0px; font-size: 13px;\">\n<div class=\"simple-translate-result-wrapper\" style=\"overflow: hidden;\">\n<div class=\"simple-translate-move\" draggable=\"true\"><\/div>\n<div class=\"simple-translate-result-contents\">\n<p class=\"simple-translate-candidate\" dir=\"auto\">\n<\/div>\n<\/div>\n<\/div>\n<\/div>\n<\/div>\n<p>[\/vc_column_text][\/vc_column][\/vc_row][vc_row css_animation=&#8221;&#8221; row_type=&#8221;row&#8221; use_row_as_full_screen_section=&#8221;no&#8221; type=&#8221;full_width&#8221; angled_section=&#8221;no&#8221; text_align=&#8221;left&#8221; background_image_as_pattern=&#8221;without_pattern&#8221;][vc_column][vc_empty_space][vc_text_separator title=&#8221;Applicable Laws&#8221; title_align=&#8221;separator_align_left&#8221; border=&#8221;no&#8221;][vc_empty_space][vc_column_text]This Privacy Policy complies with the Personal Information Protection and Electronic Documents Act (PIPEDA). For residents of the European Union (EU), the General Data Protection Regulation (GDPR) applies to all data protection policies, regardless of the location of the site. For residents of the State of California, this Privacy Policy complies with the California Consumer Privacy Act (CCPA).[\/vc_column_text][\/vc_column][\/vc_row][vc_row css_animation=&#8221;&#8221; row_type=&#8221;row&#8221; use_row_as_full_screen_section=&#8221;no&#8221; type=&#8221;full_width&#8221; angled_section=&#8221;no&#8221; text_align=&#8221;left&#8221; background_image_as_pattern=&#8221;without_pattern&#8221;][vc_column][vc_empty_space][vc_text_separator title=&#8221;Consent&#8221; title_align=&#8221;separator_align_left&#8221; border=&#8221;no&#8221;][vc_empty_space][vc_column_text]By using the D2 Technology website, users accept the conditions stated in the Privacy Policy, as well as the collection, use, and retention of the data listed in the policy.[\/vc_column_text][\/vc_column][\/vc_row][vc_row css_animation=&#8221;&#8221; row_type=&#8221;row&#8221; use_row_as_full_screen_section=&#8221;no&#8221; type=&#8221;full_width&#8221; angled_section=&#8221;no&#8221; text_align=&#8221;left&#8221; background_image_as_pattern=&#8221;without_pattern&#8221;][vc_column][vc_empty_space][vc_text_separator title=&#8221;Personal Data Collected&#8221; title_align=&#8221;separator_align_left&#8221; border=&#8221;no&#8221;][vc_empty_space][vc_column_text]When you visit and use the site, D2 Technology may automatically collect and store the following information: IP address, location, hardware and software details, clicked links, and viewed content. We may also collect personal data such as first name, last name, email address, phone number, city, and\/or region when you fill out forms on the site. We only collect the data necessary to achieve the purpose stated in the Privacy Policy.<\/p>\n<div id=\"simple-translate\" class=\"simple-translate-system-theme\">\n<div>\n<div class=\"simple-translate-button isShow\" style=\"background-image: url('chrome-extension:\/\/ibplnjkanclpjokhdolnendpplpjiace\/icons\/512.png'); height: 22px; width: 22px; top: 141px; left: 159px;\"><\/div>\n<div class=\"simple-translate-panel \" style=\"width: 300px; height: 200px; top: 0px; left: 0px; font-size: 13px;\">\n<div class=\"simple-translate-result-wrapper\" style=\"overflow: hidden;\">\n<div class=\"simple-translate-move\" draggable=\"true\"><\/div>\n<div class=\"simple-translate-result-contents\">\n<p class=\"simple-translate-candidate\" dir=\"auto\">\n<\/div>\n<\/div>\n<\/div>\n<\/div>\n<\/div>\n<p>[\/vc_column_text][\/vc_column][\/vc_row][vc_row css_animation=&#8221;&#8221; row_type=&#8221;row&#8221; use_row_as_full_screen_section=&#8221;no&#8221; type=&#8221;full_width&#8221; angled_section=&#8221;no&#8221; text_align=&#8221;left&#8221; background_image_as_pattern=&#8221;without_pattern&#8221;][vc_column][vc_empty_space][vc_text_separator title=&#8221;Use of Personal Data&#8221; title_align=&#8221;separator_align_left&#8221; border=&#8221;no&#8221;][vc_empty_space][vc_column_text]The personal data collected on the D2 Technology site will only be used for the purposes specified in the Privacy Policy or on the relevant pages of the site. Automatically collected data is used for statistics and site improvement. Data collected when performing certain functions on the site may be used for communications.[\/vc_column_text][\/vc_column][\/vc_row][vc_row css_animation=&#8221;&#8221; row_type=&#8221;row&#8221; use_row_as_full_screen_section=&#8221;no&#8221; type=&#8221;full_width&#8221; angled_section=&#8221;no&#8221; text_align=&#8221;left&#8221; background_image_as_pattern=&#8221;without_pattern&#8221;][vc_column][vc_empty_space][vc_text_separator title=&#8221;Access to Personal Data&#8221; title_align=&#8221;separator_align_left&#8221; border=&#8221;no&#8221;][vc_empty_space][vc_column_text]D2 Technology employees may access users&#8217; personal data if necessary to achieve the purposes stated in the Privacy Policy. Personal data may be shared with third parties for specific reasons.[\/vc_column_text][\/vc_column][\/vc_row][vc_row css_animation=&#8221;&#8221; row_type=&#8221;row&#8221; use_row_as_full_screen_section=&#8221;no&#8221; type=&#8221;full_width&#8221; angled_section=&#8221;no&#8221; text_align=&#8221;left&#8221; background_image_as_pattern=&#8221;without_pattern&#8221;][vc_column][vc_empty_space][vc_text_separator title=&#8221;Other Disclosures&#8221; title_align=&#8221;separator_align_left&#8221; border=&#8221;no&#8221;][vc_empty_space][vc_column_text]D2 Technology is committed to not selling or sharing users&#8217; personal data with third parties, except where required by law, for any legal proceedings, to establish or protect its legal rights, or to buyers or potential buyers of the company if D2 Technology seeks to sell the business. If you follow links to other sites from the D2 Technology site, we are not responsible for their privacy policies and practices.<\/p>\n<p><span style=\"font-weight: 400;\">\u00a0<\/span><\/p>\n<div id=\"simple-translate\" class=\"simple-translate-system-theme\">\n<div>\n<div class=\"simple-translate-button isShow\" style=\"background-image: url('chrome-extension:\/\/ibplnjkanclpjokhdolnendpplpjiace\/icons\/512.png'); height: 22px; width: 22px; top: 86px; left: 144px;\"><\/div>\n<div class=\"simple-translate-panel \" style=\"width: 300px; height: 200px; top: 0px; left: 0px; font-size: 13px;\">\n<div class=\"simple-translate-result-wrapper\" style=\"overflow: hidden;\">\n<div class=\"simple-translate-move\" draggable=\"true\"><\/div>\n<div class=\"simple-translate-result-contents\">\n<p class=\"simple-translate-candidate\" dir=\"auto\">\n<\/div>\n<\/div>\n<\/div>\n<\/div>\n<\/div>\n<p>[\/vc_column_text][\/vc_column][\/vc_row][vc_row css_animation=&#8221;&#8221; row_type=&#8221;row&#8221; use_row_as_full_screen_section=&#8221;no&#8221; type=&#8221;full_width&#8221; angled_section=&#8221;no&#8221; text_align=&#8221;left&#8221; background_image_as_pattern=&#8221;without_pattern&#8221;][vc_column][vc_empty_space][vc_text_separator title=&#8221;Log Files and Cookies&#8221; title_align=&#8221;separator_align_left&#8221; border=&#8221;no&#8221;][vc_empty_space][vc_column_text]Certain information is collected through cookies and log files. This mainly includes anonymous information and analytical data using the following tools:<\/p>\n<p>Anonymous data retrieval tools such as source, browser type used, number of pages viewed, for the purpose of improving our website and serving you better.<\/p>\n<p>Google Analytics &#8211; Google Analytics Privacy Policy Remarketing (advertising)<\/p>\n<p>This data allows us to display ads on other sites based on your interests while browsing our site. You can remove this information at any time by following the procedure in the Google Analytics Privacy Policy.<\/p>\n<p>The use of such files allows us to obtain anonymous statistics on site usage and improve the quality of content, display, and site performance.[\/vc_column_text][\/vc_column][\/vc_row][vc_row css_animation=&#8221;&#8221; row_type=&#8221;row&#8221; use_row_as_full_screen_section=&#8221;no&#8221; type=&#8221;full_width&#8221; angled_section=&#8221;no&#8221; text_align=&#8221;left&#8221; background_image_as_pattern=&#8221;without_pattern&#8221;][vc_column][vc_empty_space][vc_text_separator title=&#8221;Storage of Personal Data&#8221; title_align=&#8221;separator_align_left&#8221; border=&#8221;no&#8221;][vc_empty_space][vc_column_text]D2 Technology does not retain users&#8217; personal data beyond what is necessary.[\/vc_column_text][\/vc_column][\/vc_row][vc_row css_animation=&#8221;&#8221; row_type=&#8221;row&#8221; use_row_as_full_screen_section=&#8221;no&#8221; type=&#8221;full_width&#8221; angled_section=&#8221;no&#8221; text_align=&#8221;left&#8221; background_image_as_pattern=&#8221;without_pattern&#8221;][vc_column][vc_empty_space][vc_text_separator title=&#8221;Minors&#8221; title_align=&#8221;separator_align_left&#8221; border=&#8221;no&#8221;][vc_empty_space][vc_column_text]Pour les r\u00e9sidents de l&#8217;UE, le RGPD stipule que les personnes de moins de 15 ans sont consid\u00e9r\u00e9es comme des mineurs aux fins de la collecte de donn\u00e9es. Les mineurs doivent avoir le consentement d&#8217;un repr\u00e9sentant l\u00e9gal pour que leurs donn\u00e9es soient recueillies, trait\u00e9es et utilis\u00e9es.[\/vc_column_text][\/vc_column][\/vc_row][vc_row css_animation=&#8221;&#8221; row_type=&#8221;row&#8221; use_row_as_full_screen_section=&#8221;no&#8221; type=&#8221;full_width&#8221; angled_section=&#8221;no&#8221; text_align=&#8221;left&#8221; background_image_as_pattern=&#8221;without_pattern&#8221;][vc_column][vc_empty_space][vc_text_separator title=&#8221;Right of Opposition and Withdrawal&#8221; title_align=&#8221;separator_align_left&#8221; border=&#8221;no&#8221;][vc_empty_space][vc_column_text]As a user, you have the right to access all your personal data that we have collected. You can also update or correct any personal data in our possession, provided that it is legally acceptable. You also have the right to delete or modify your consent to the collection and use of data at any time, provided that it is legally acceptable and that you have informed us within a reasonable timeframe.<\/p>\n<p>If you wish for your information to be deleted or modified in any way, please contact our privacy protection agent at the following address: <a href=\"mailto:protectiondesrenseignements@d2technologie.com\" target=\"_new\" rel=\"noopener noreferrer\">protectiondesrenseignements@d2technologie.com<\/a> or by phone at (514) 904-5888.[\/vc_column_text][\/vc_column][\/vc_row][vc_row css_animation=&#8221;&#8221; row_type=&#8221;row&#8221; use_row_as_full_screen_section=&#8221;no&#8221; type=&#8221;full_width&#8221; angled_section=&#8221;no&#8221; text_align=&#8221;left&#8221; background_image_as_pattern=&#8221;without_pattern&#8221;][vc_column][vc_empty_space][vc_text_separator title=&#8221;Contact Us&#8221; title_align=&#8221;separator_align_left&#8221; border=&#8221;no&#8221;][vc_empty_space][vc_column_text]If you have any questions or concerns regarding our privacy policy, please feel free to contact us using the following information:<\/p>\n<p>Address: 200-125 Chemin St-Fran\u00e7ois-Xavier, Candiac, QC J5R 3X8<\/p>\n<p>Phone: 514-904-5888<\/p>\n<p>Email: <a href=\"mailto:protectiondesrenseignements@d2technologie.com\" target=\"_new\" rel=\"noopener noreferrer\">protectiondesrenseignements@d2technologie.com<\/a>[\/vc_column_text][\/vc_column][\/vc_row][vc_row css_animation=&#8221;&#8221; row_type=&#8221;row&#8221; use_row_as_full_screen_section=&#8221;no&#8221; type=&#8221;full_width&#8221; angled_section=&#8221;no&#8221; text_align=&#8221;left&#8221; background_image_as_pattern=&#8221;without_pattern&#8221;][vc_column][vc_empty_space][vc_text_separator title=&#8221;Important&#8221; title_align=&#8221;separator_align_left&#8221; border=&#8221;no&#8221;][vc_empty_space][vc_column_text]We recommend that you check our privacy policy from time to time to stay informed of any updates. If any changes are made to this policy, we may notify you by email.[\/vc_column_text][vc_empty_space][\/vc_column][\/vc_row]<\/p>\n","protected":false},"excerpt":{"rendered":"<p>[vc_row css_animation=&#8221;&#8221; row_type=&#8221;row&#8221; use_row_as_full_screen_section=&#8221;no&#8221; type=&#8221;grid&#8221; angled_section=&#8221;no&#8221; text_align=&#8221;left&#8221; background_image_as_pattern=&#8221;without_pattern&#8221;][vc_column][vc_empty_space][vc_text_separator title=&#8221;Purpose of the Privacy Policy&#8221; title_align=&#8221;separator_align_left&#8221; border=&#8221;no&#8221;][vc_empty_space][vc_column_text]The purpose of this Privacy Policy is to inform users of the D2 Technology website about the personal data that is collected, how it is used, who has access to it,&#8230;<\/p>\n","protected":false},"author":1,"featured_media":0,"parent":0,"menu_order":0,"comment_status":"closed","ping_status":"closed","template":"","meta":{"_acf_changed":false,"rs_blank_template":"","rs_page_bg_color":"","slide_template_v7":"","footnotes":""},"class_list":["post-17251","page","type-page","status-publish","hentry"],"acf":[],"yoast_head":"<!-- This site is optimized with the Yoast SEO plugin v27.3 - https:\/\/yoast.com\/product\/yoast-seo-wordpress\/ -->\n<title>Privacy Policy - D2 Technologie<\/title>\n<meta name=\"robots\" content=\"index, follow, max-snippet:-1, max-image-preview:large, max-video-preview:-1\" \/>\n<link rel=\"canonical\" href=\"https:\/\/d2technologie.com\/en\/privacy-policy\/\" \/>\n<meta property=\"og:locale\" content=\"en_US\" \/>\n<meta property=\"og:type\" content=\"article\" \/>\n<meta property=\"og:title\" content=\"Privacy Policy - D2 Technologie\" \/>\n<meta property=\"og:description\" content=\"[vc_row css_animation=&#8221;&#8221; row_type=&#8221;row&#8221; use_row_as_full_screen_section=&#8221;no&#8221; type=&#8221;grid&#8221; angled_section=&#8221;no&#8221; text_align=&#8221;left&#8221; background_image_as_pattern=&#8221;without_pattern&#8221;][vc_column][vc_empty_space][vc_text_separator title=&#8221;Purpose of the Privacy Policy&#8221; title_align=&#8221;separator_align_left&#8221; border=&#8221;no&#8221;][vc_empty_space][vc_column_text]The purpose of this Privacy Policy is to inform users of the D2 Technology website about the personal data that is collected, how it is used, who has access to it,...\" \/>\n<meta property=\"og:url\" content=\"https:\/\/d2technologie.com\/en\/privacy-policy\/\" \/>\n<meta property=\"og:site_name\" content=\"D2 Technologie\" \/>\n<meta property=\"article:publisher\" content=\"https:\/\/www.facebook.com\/D2-Technologie-Candiac-161126470590052\/\" \/>\n<meta property=\"article:modified_time\" content=\"2023-06-09T18:54:55+00:00\" \/>\n<meta name=\"twitter:card\" content=\"summary_large_image\" \/>\n<meta name=\"twitter:site\" content=\"@d2technologie\" \/>\n<meta name=\"twitter:label1\" content=\"Est. reading time\" \/>\n\t<meta name=\"twitter:data1\" content=\"8 minutes\" \/>\n<script type=\"application\/ld+json\" class=\"yoast-schema-graph\">{\"@context\":\"https:\\\/\\\/schema.org\",\"@graph\":[{\"@type\":\"WebPage\",\"@id\":\"https:\\\/\\\/d2technologie.com\\\/en\\\/privacy-policy\\\/\",\"url\":\"https:\\\/\\\/d2technologie.com\\\/en\\\/privacy-policy\\\/\",\"name\":\"Privacy Policy - D2 Technologie\",\"isPartOf\":{\"@id\":\"https:\\\/\\\/d2technologie.com\\\/#website\"},\"datePublished\":\"2023-06-09T18:47:34+00:00\",\"dateModified\":\"2023-06-09T18:54:55+00:00\",\"breadcrumb\":{\"@id\":\"https:\\\/\\\/d2technologie.com\\\/en\\\/privacy-policy\\\/#breadcrumb\"},\"inLanguage\":\"en-US\",\"potentialAction\":[{\"@type\":\"ReadAction\",\"target\":[\"https:\\\/\\\/d2technologie.com\\\/en\\\/privacy-policy\\\/\"]}]},{\"@type\":\"BreadcrumbList\",\"@id\":\"https:\\\/\\\/d2technologie.com\\\/en\\\/privacy-policy\\\/#breadcrumb\",\"itemListElement\":[{\"@type\":\"ListItem\",\"position\":1,\"name\":\"Home\",\"item\":\"https:\\\/\\\/d2technologie.com\\\/en\\\/\"},{\"@type\":\"ListItem\",\"position\":2,\"name\":\"Privacy Policy\"}]},{\"@type\":\"WebSite\",\"@id\":\"https:\\\/\\\/d2technologie.com\\\/#website\",\"url\":\"https:\\\/\\\/d2technologie.com\\\/\",\"name\":\"D2 Technologie\",\"description\":\"\",\"publisher\":{\"@id\":\"https:\\\/\\\/d2technologie.com\\\/#organization\"},\"potentialAction\":[{\"@type\":\"SearchAction\",\"target\":{\"@type\":\"EntryPoint\",\"urlTemplate\":\"https:\\\/\\\/d2technologie.com\\\/?s={search_term_string}\"},\"query-input\":{\"@type\":\"PropertyValueSpecification\",\"valueRequired\":true,\"valueName\":\"search_term_string\"}}],\"inLanguage\":\"en-US\"},{\"@type\":\"Organization\",\"@id\":\"https:\\\/\\\/d2technologie.com\\\/#organization\",\"name\":\"D2 Technologie\",\"url\":\"https:\\\/\\\/d2technologie.com\\\/\",\"logo\":{\"@type\":\"ImageObject\",\"inLanguage\":\"en-US\",\"@id\":\"https:\\\/\\\/d2technologie.com\\\/#\\\/schema\\\/logo\\\/image\\\/\",\"url\":\"https:\\\/\\\/d2technologie.com\\\/wp-content\\\/uploads\\\/2017\\\/04\\\/logo_d2_Hallow_small.png\",\"contentUrl\":\"https:\\\/\\\/d2technologie.com\\\/wp-content\\\/uploads\\\/2017\\\/04\\\/logo_d2_Hallow_small.png\",\"width\":322,\"height\":70,\"caption\":\"D2 Technologie\"},\"image\":{\"@id\":\"https:\\\/\\\/d2technologie.com\\\/#\\\/schema\\\/logo\\\/image\\\/\"},\"sameAs\":[\"https:\\\/\\\/www.facebook.com\\\/D2-Technologie-Candiac-161126470590052\\\/\",\"https:\\\/\\\/x.com\\\/d2technologie\",\"https:\\\/\\\/www.linkedin.com\\\/company\\\/d2technologie\",\"https:\\\/\\\/www.youtube.com\\\/channel\\\/UCZcT9Yai_tI04DlvXNBtw-Q\"]}]}<\/script>\n<!-- \/ Yoast SEO plugin. -->","yoast_head_json":{"title":"Privacy Policy - D2 Technologie","robots":{"index":"index","follow":"follow","max-snippet":"max-snippet:-1","max-image-preview":"max-image-preview:large","max-video-preview":"max-video-preview:-1"},"canonical":"https:\/\/d2technologie.com\/en\/privacy-policy\/","og_locale":"en_US","og_type":"article","og_title":"Privacy Policy - D2 Technologie","og_description":"[vc_row css_animation=&#8221;&#8221; row_type=&#8221;row&#8221; use_row_as_full_screen_section=&#8221;no&#8221; type=&#8221;grid&#8221; angled_section=&#8221;no&#8221; text_align=&#8221;left&#8221; background_image_as_pattern=&#8221;without_pattern&#8221;][vc_column][vc_empty_space][vc_text_separator title=&#8221;Purpose of the Privacy Policy&#8221; title_align=&#8221;separator_align_left&#8221; border=&#8221;no&#8221;][vc_empty_space][vc_column_text]The purpose of this Privacy Policy is to inform users of the D2 Technology website about the personal data that is collected, how it is used, who has access to it,...","og_url":"https:\/\/d2technologie.com\/en\/privacy-policy\/","og_site_name":"D2 Technologie","article_publisher":"https:\/\/www.facebook.com\/D2-Technologie-Candiac-161126470590052\/","article_modified_time":"2023-06-09T18:54:55+00:00","twitter_card":"summary_large_image","twitter_site":"@d2technologie","twitter_misc":{"Est. reading time":"8 minutes"},"schema":{"@context":"https:\/\/schema.org","@graph":[{"@type":"WebPage","@id":"https:\/\/d2technologie.com\/en\/privacy-policy\/","url":"https:\/\/d2technologie.com\/en\/privacy-policy\/","name":"Privacy Policy - D2 Technologie","isPartOf":{"@id":"https:\/\/d2technologie.com\/#website"},"datePublished":"2023-06-09T18:47:34+00:00","dateModified":"2023-06-09T18:54:55+00:00","breadcrumb":{"@id":"https:\/\/d2technologie.com\/en\/privacy-policy\/#breadcrumb"},"inLanguage":"en-US","potentialAction":[{"@type":"ReadAction","target":["https:\/\/d2technologie.com\/en\/privacy-policy\/"]}]},{"@type":"BreadcrumbList","@id":"https:\/\/d2technologie.com\/en\/privacy-policy\/#breadcrumb","itemListElement":[{"@type":"ListItem","position":1,"name":"Home","item":"https:\/\/d2technologie.com\/en\/"},{"@type":"ListItem","position":2,"name":"Privacy Policy"}]},{"@type":"WebSite","@id":"https:\/\/d2technologie.com\/#website","url":"https:\/\/d2technologie.com\/","name":"D2 Technologie","description":"","publisher":{"@id":"https:\/\/d2technologie.com\/#organization"},"potentialAction":[{"@type":"SearchAction","target":{"@type":"EntryPoint","urlTemplate":"https:\/\/d2technologie.com\/?s={search_term_string}"},"query-input":{"@type":"PropertyValueSpecification","valueRequired":true,"valueName":"search_term_string"}}],"inLanguage":"en-US"},{"@type":"Organization","@id":"https:\/\/d2technologie.com\/#organization","name":"D2 Technologie","url":"https:\/\/d2technologie.com\/","logo":{"@type":"ImageObject","inLanguage":"en-US","@id":"https:\/\/d2technologie.com\/#\/schema\/logo\/image\/","url":"https:\/\/d2technologie.com\/wp-content\/uploads\/2017\/04\/logo_d2_Hallow_small.png","contentUrl":"https:\/\/d2technologie.com\/wp-content\/uploads\/2017\/04\/logo_d2_Hallow_small.png","width":322,"height":70,"caption":"D2 Technologie"},"image":{"@id":"https:\/\/d2technologie.com\/#\/schema\/logo\/image\/"},"sameAs":["https:\/\/www.facebook.com\/D2-Technologie-Candiac-161126470590052\/","https:\/\/x.com\/d2technologie","https:\/\/www.linkedin.com\/company\/d2technologie","https:\/\/www.youtube.com\/channel\/UCZcT9Yai_tI04DlvXNBtw-Q"]}]}},"_links":{"self":[{"href":"https:\/\/d2technologie.com\/en\/wp-json\/wp\/v2\/pages\/17251","targetHints":{"allow":["GET"]}}],"collection":[{"href":"https:\/\/d2technologie.com\/en\/wp-json\/wp\/v2\/pages"}],"about":[{"href":"https:\/\/d2technologie.com\/en\/wp-json\/wp\/v2\/types\/page"}],"author":[{"embeddable":true,"href":"https:\/\/d2technologie.com\/en\/wp-json\/wp\/v2\/users\/1"}],"replies":[{"embeddable":true,"href":"https:\/\/d2technologie.com\/en\/wp-json\/wp\/v2\/comments?post=17251"}],"version-history":[{"count":3,"href":"https:\/\/d2technologie.com\/en\/wp-json\/wp\/v2\/pages\/17251\/revisions"}],"predecessor-version":[{"id":17254,"href":"https:\/\/d2technologie.com\/en\/wp-json\/wp\/v2\/pages\/17251\/revisions\/17254"}],"wp:attachment":[{"href":"https:\/\/d2technologie.com\/en\/wp-json\/wp\/v2\/media?parent=17251"}],"curies":[{"name":"wp","href":"https:\/\/api.w.org\/{rel}","templated":true}]}}